{"id":174,"date":"2017-09-21T10:35:31","date_gmt":"2017-09-21T09:35:31","guid":{"rendered":"https:\/\/bombejats.cat\/?page_id=174"},"modified":"2018-03-20T19:56:35","modified_gmt":"2018-03-20T18:56:35","slug":"empresa","status":"publish","type":"page","link":"https:\/\/bombejats.cat\/?page_id=174","title":{"rendered":"Empresa"},"content":{"rendered":"\t\t<div data-elementor-type=\"wp-page\" data-elementor-id=\"174\" class=\"elementor elementor-174 elementor-bc-flex-widget\">\n\t\t\t\t\t\t<section class=\"elementor-section elementor-top-section elementor-element elementor-element-ebdoyxe elementor-section-boxed elementor-section-height-default elementor-section-height-default\" data-id=\"ebdoyxe\" data-element_type=\"section\" data-e-type=\"section\">\n\t\t\t\t\t\t<div class=\"elementor-container elementor-column-gap-default\">\n\t\t\t\t\t<div class=\"aux-parallax-section elementor-column elementor-col-100 elementor-top-column elementor-element elementor-element-kzrragr\" data-id=\"kzrragr\" data-element_type=\"column\" data-e-type=\"column\">\n\t\t\t<div class=\"elementor-widget-wrap elementor-element-populated\">\n\t\t\t\t\t\t<div class=\"elementor-element elementor-element-13ftstg elementor-invisible elementor-widget elementor-widget-heading\" data-id=\"13ftstg\" data-element_type=\"widget\" data-e-type=\"widget\" data-settings=\"{&quot;_animation&quot;:&quot;zoomIn&quot;}\" data-widget_type=\"heading.default\">\n\t\t\t\t<div class=\"elementor-widget-container\">\n\t\t\t\t\t<h2 class=\"elementor-heading-title elementor-size-large\">QUI SOM?<\/h2>\t\t\t\t<\/div>\n\t\t\t\t<\/div>\n\t\t\t\t<div class=\"elementor-element elementor-element-hhk9qdh elementor-invisible elementor-widget elementor-widget-text-editor\" data-id=\"hhk9qdh\" data-element_type=\"widget\" data-e-type=\"widget\" data-settings=\"{&quot;_animation&quot;:&quot;zoomIn&quot;}\" data-widget_type=\"text-editor.default\">\n\t\t\t\t<div class=\"elementor-widget-container\">\n\t\t\t\t\t\t\t\t\t<h4>Comptem amb personal qualificat, experi\u00e8ncia i maquin\u00e0ria actual unides a una actitud de constant superaci\u00f3 permetent-nos oferir un servei \u00f2ptim que satisfar\u00e0 de ben segur, les seves necessitats.<\/h4>\t\t\t\t\t\t\t\t<\/div>\n\t\t\t\t<\/div>\n\t\t\t\t\t<\/div>\n\t\t<\/div>\n\t\t\t\t\t<\/div>\n\t\t<\/section>\n\t\t\t\t<section class=\"elementor-section elementor-top-section elementor-element elementor-element-6df60aa elementor-section-content-middle elementor-section-boxed elementor-section-height-default elementor-section-height-default\" data-id=\"6df60aa\" data-element_type=\"section\" data-e-type=\"section\">\n\t\t\t\t\t\t<div class=\"elementor-container elementor-column-gap-default\">\n\t\t\t\t\t<div class=\"aux-parallax-section elementor-column elementor-col-50 elementor-top-column elementor-element elementor-element-8ltrdiy\" data-id=\"8ltrdiy\" data-element_type=\"column\" data-e-type=\"column\">\n\t\t\t<div class=\"elementor-widget-wrap elementor-element-populated\">\n\t\t\t\t\t\t<div class=\"elementor-element elementor-element-hj4fdra elementor-invisible elementor-widget elementor-widget-image\" data-id=\"hj4fdra\" data-element_type=\"widget\" data-e-type=\"widget\" data-settings=\"{&quot;_animation&quot;:&quot;fadeIn&quot;}\" data-widget_type=\"image.default\">\n\t\t\t\t<div class=\"elementor-widget-container\">\n\t\t\t\t\t\t\t\t\t\t\t\t\t\t\t<img fetchpriority=\"high\" decoding=\"async\" width=\"1024\" height=\"352\" src=\"https:\/\/bombejats.cat\/wp-content\/uploads\/2015\/12\/imatge_bomba-1024x352.jpg\" class=\"elementor-animation-grow attachment-large size-large wp-image-143\" alt=\"Bombeig de formig\u00f3\" srcset=\"https:\/\/bombejats.cat\/wp-content\/uploads\/2015\/12\/imatge_bomba-1024x352.jpg 1024w, https:\/\/bombejats.cat\/wp-content\/uploads\/2015\/12\/imatge_bomba-300x103.jpg 300w, https:\/\/bombejats.cat\/wp-content\/uploads\/2015\/12\/imatge_bomba-768x264.jpg 768w, https:\/\/bombejats.cat\/wp-content\/uploads\/2015\/12\/imatge_bomba.jpg 1600w\" sizes=\"(max-width: 1024px) 100vw, 1024px\" \/>\t\t\t\t\t\t\t\t\t\t\t\t\t\t\t<\/div>\n\t\t\t\t<\/div>\n\t\t\t\t\t<\/div>\n\t\t<\/div>\n\t\t\t\t<div class=\"aux-parallax-section elementor-column elementor-col-50 elementor-top-column elementor-element elementor-element-05c179f\" data-id=\"05c179f\" data-element_type=\"column\" data-e-type=\"column\">\n\t\t\t<div class=\"elementor-widget-wrap elementor-element-populated\">\n\t\t\t\t\t\t<div class=\"elementor-element elementor-element-6df3877 elementor-widget elementor-widget-image\" data-id=\"6df3877\" data-element_type=\"widget\" data-e-type=\"widget\" data-widget_type=\"image.default\">\n\t\t\t\t<div class=\"elementor-widget-container\">\n\t\t\t\t\t\t\t\t\t\t\t\t\t\t\t<img decoding=\"async\" width=\"768\" height=\"543\" src=\"https:\/\/bombejats.cat\/wp-content\/uploads\/2018\/03\/Sin-ti\u0301tulo-2-768x543.png\" class=\"elementor-animation-grow attachment-medium_large size-medium_large wp-image-616\" alt=\"\" srcset=\"https:\/\/bombejats.cat\/wp-content\/uploads\/2018\/03\/Sin-ti\u0301tulo-2-768x543.png 768w, https:\/\/bombejats.cat\/wp-content\/uploads\/2018\/03\/Sin-ti\u0301tulo-2-300x212.png 300w, https:\/\/bombejats.cat\/wp-content\/uploads\/2018\/03\/Sin-ti\u0301tulo-2.png 800w\" sizes=\"(max-width: 768px) 100vw, 768px\" \/>\t\t\t\t\t\t\t\t\t\t\t\t\t\t\t<\/div>\n\t\t\t\t<\/div>\n\t\t\t\t\t<\/div>\n\t\t<\/div>\n\t\t\t\t\t<\/div>\n\t\t<\/section>\n\t\t\t\t<\/div>\n\t\t","protected":false},"excerpt":{"rendered":"<p>QUI SOM? Comptem amb personal qualificat, experi\u00e8ncia i maquin\u00e0ria actual unides a una actitud de constant superaci\u00f3 permetent-nos oferir un servei \u00f2ptim que satisfar\u00e0 de ben segur, les seves necessitats.<\/p>\n","protected":false},"author":1,"featured_media":171,"parent":0,"menu_order":0,"comment_status":"closed","ping_status":"closed","template":"","meta":{"footnotes":""},"class_list":["post-174","page","type-page","status-publish","has-post-thumbnail","hentry"],"_links":{"self":[{"href":"https:\/\/bombejats.cat\/index.php?rest_route=\/wp\/v2\/pages\/174","targetHints":{"allow":["GET"]}}],"collection":[{"href":"https:\/\/bombejats.cat\/index.php?rest_route=\/wp\/v2\/pages"}],"about":[{"href":"https:\/\/bombejats.cat\/index.php?rest_route=\/wp\/v2\/types\/page"}],"author":[{"embeddable":true,"href":"https:\/\/bombejats.cat\/index.php?rest_route=\/wp\/v2\/users\/1"}],"replies":[{"embeddable":true,"href":"https:\/\/bombejats.cat\/index.php?rest_route=%2Fwp%2Fv2%2Fcomments&post=174"}],"version-history":[{"count":41,"href":"https:\/\/bombejats.cat\/index.php?rest_route=\/wp\/v2\/pages\/174\/revisions"}],"predecessor-version":[{"id":620,"href":"https:\/\/bombejats.cat\/index.php?rest_route=\/wp\/v2\/pages\/174\/revisions\/620"}],"wp:featuredmedia":[{"embeddable":true,"href":"https:\/\/bombejats.cat\/index.php?rest_route=\/wp\/v2\/media\/171"}],"wp:attachment":[{"href":"https:\/\/bombejats.cat\/index.php?rest_route=%2Fwp%2Fv2%2Fmedia&parent=174"}],"curies":[{"name":"wp","href":"https:\/\/api.w.org\/{rel}","templated":true}]}}